{"id":1081,"date":"2018-12-11T10:26:14","date_gmt":"2018-12-11T10:26:14","guid":{"rendered":"http:\/\/www.acct.cat\/jornades\/"},"modified":"2019-01-18T14:30:56","modified_gmt":"2019-01-18T14:30:56","slug":"jornades","status":"publish","type":"page","link":"https:\/\/www.acct.cat\/es\/jornades\/","title":{"rendered":"Jornades"},"content":{"rendered":"<h4 style=\"text-align: justify;\"><strong>Any 2018<\/strong><\/h4>\n<h3><em><strong><a href=\"http:\/\/www.acct.cat\/wp-content\/uploads\/sites\/23\/2018\/12\/jornadaMigracions.jpg\"><img loading=\"lazy\" decoding=\"async\" class=\"size-medium wp-image-712 alignleft\" src=\"http:\/\/www.acct.cat\/wp-content\/uploads\/sites\/23\/2018\/12\/jornadaMigracions-206x300.jpg\" alt=\"\" width=\"206\" height=\"300\" srcset=\"https:\/\/www.acct.cat\/wp-content\/uploads\/sites\/23\/2018\/12\/jornadaMigracions-206x300.jpg 206w, https:\/\/www.acct.cat\/wp-content\/uploads\/sites\/23\/2018\/12\/jornadaMigracions.jpg 649w\" sizes=\"auto, (max-width: 206px) 100vw, 206px\" \/><\/a>IV Jornades d&#8217;hist\u00f2ria Mn. San\u00e7 Capdevila i Felip<\/strong><\/em><\/h3>\n<p><strong style=\"font-size: 16px;\">14 i 15 de juny<\/strong><\/p>\n<p>Fen\u00f2mens migratoris a Catalunya al llarg dels segles XIX i XX.<\/p>\n<p>Clica <a href=\"https:\/\/www.youtube.com\/watch?v=d3XMMyZq8tE&amp;list=PLPRC0b3CBZGCYGFlXEkmeVmeRYgt7hB8G\" target=\"_blank\" rel=\"noopener\">aqu\u00ed<\/a> per veure les diferents confer\u00e8ncies de les jornades.<\/p>\n<hr \/>\n<h4><\/h4>\n<h4 style=\"text-align: justify;\"><strong>Any 2017<\/strong><\/h4>\n<h3><em><strong><a href=\"http:\/\/www.acct.cat\/wp-content\/uploads\/sites\/23\/2018\/12\/MinoriesSocialsJusticia.jpg\"><img loading=\"lazy\" decoding=\"async\" class=\"size-medium wp-image-711 alignleft\" src=\"http:\/\/www.acct.cat\/wp-content\/uploads\/sites\/23\/2018\/12\/MinoriesSocialsJusticia-211x300.jpg\" alt=\"\" width=\"211\" height=\"300\" srcset=\"https:\/\/www.acct.cat\/wp-content\/uploads\/sites\/23\/2018\/12\/MinoriesSocialsJusticia-211x300.jpg 211w, https:\/\/www.acct.cat\/wp-content\/uploads\/sites\/23\/2018\/12\/MinoriesSocialsJusticia.jpg 663w\" sizes=\"auto, (max-width: 211px) 100vw, 211px\" \/><\/a>III Jornades d&#8217;hist\u00f2ria Mn. San\u00e7 Capdevila i Felip<\/strong><\/em><\/h3>\n<p><strong style=\"font-size: 16px;\">15 i 16 de juny<\/strong><\/p>\n<p>Les minories socials i la just\u00edcia a l&#8217;\u00e8poca medieval i moderna<\/p>\n<p>Clica <a href=\"https:\/\/www.youtube.com\/watch?v=d3XMMyZq8tE&amp;list=PLPRC0b3CBZGCYGFlXEkmeVmeRYgt7hB8G\" target=\"_blank\" rel=\"noopener\">aqu\u00ed<\/a> per veure les diferents confer\u00e8ncies de les jornades.<\/p>\n<p>Clica aqu\u00ed si vols adquirir la publicaci\u00f3 de les actes de les jornades.<\/p>\n<h4><\/h4>\n<hr \/>\n<h4><\/h4>\n<h4><\/h4>\n<h4 style=\"text-align: justify;\"><strong>Any 2016<\/strong><\/h4>\n<h3><em><strong><a href=\"http:\/\/www.acct.cat\/wp-content\/uploads\/sites\/23\/2014\/03\/Fam\u00edlia-p\u00e0gina001.png\"><img loading=\"lazy\" decoding=\"async\" class=\"size-medium wp-image-668 alignleft\" src=\"http:\/\/www.acct.cat\/wp-content\/uploads\/sites\/23\/2014\/03\/Fam\u00edlia-p\u00e0gina001-300x300.png\" alt=\"\" width=\"300\" height=\"300\" srcset=\"https:\/\/www.acct.cat\/wp-content\/uploads\/sites\/23\/2014\/03\/Fam\u00edlia-p\u00e0gina001-300x300.png 300w, https:\/\/www.acct.cat\/wp-content\/uploads\/sites\/23\/2014\/03\/Fam\u00edlia-p\u00e0gina001-150x150.png 150w, https:\/\/www.acct.cat\/wp-content\/uploads\/sites\/23\/2014\/03\/Fam\u00edlia-p\u00e0gina001-768x768.png 768w, https:\/\/www.acct.cat\/wp-content\/uploads\/sites\/23\/2014\/03\/Fam\u00edlia-p\u00e0gina001-1024x1024.png 1024w, https:\/\/www.acct.cat\/wp-content\/uploads\/sites\/23\/2014\/03\/Fam\u00edlia-p\u00e0gina001-230x230.png 230w\" sizes=\"auto, (max-width: 300px) 100vw, 300px\" \/><\/a>II Jornades d&#8217;hist\u00f2ria Mn. San\u00e7 Capdevila i Felip<\/strong><\/em><\/h3>\n<p><strong style=\"font-size: 16px;\">16 i 17 de juny<\/strong><\/p>\n<p>Fam\u00edlia i din\u00e1miques socials durant l&#8217;Antic R\u00e8gim.<\/p>\n<p>Clica<a href=\"https:\/\/www.youtube.com\/watch?v=jGy5Tbf4nTg&amp;list=PLPRC0b3CBZGA4p9olon2gELyovZhTy_uC\" target=\"_blank\" rel=\"noopener\"> aqu\u00ed<\/a> per veure les diferents confer\u00e8ncies de les jornades.<\/p>\n<h4><\/h4>\n<h4><\/h4>\n<hr \/>\n<h4 style=\"text-align: justify;\"><strong>Any 2015<\/strong><\/h4>\n<h3><em><strong><a href=\"http:\/\/www.acct.cat\/wp-content\/uploads\/sites\/23\/2014\/03\/JornadesRepoblacioCampTarragona01-300x288.jpg\"><img loading=\"lazy\" decoding=\"async\" class=\"size-medium wp-image-536 alignleft\" src=\"http:\/\/www.acct.cat\/wp-content\/uploads\/sites\/23\/2014\/03\/JornadesRepoblacioCampTarragona01-300x288-300x288.jpg\" alt=\"\" width=\"300\" height=\"288\" \/><\/a>I Jornades d&#8217;hist\u00f2ria Mn. San\u00e7 Capdevila i Felip<\/strong><\/em><\/h3>\n<p><strong style=\"font-size: 16px;\">16 i 17 de juny<\/strong><\/p>\n<p>La Repoblaci\u00f3 del Camp de Tarragona. Estat de la q\u00fcesti\u00f3<\/p>\n<p>Clica <a href=\"https:\/\/www.youtube.com\/watch?v=OrA0rhF-Hk0&amp;list=PLPRC0b3CBZGB5KtBJ81hnSmOpIhIsQdwi\" target=\"_blank\" rel=\"noopener\">aqu\u00ed<\/a> per veure les diferents confer\u00e8ncies de les jornades.<\/p>\n<h4><\/h4>\n<h4><\/h4>\n<h3><\/h3>\n","protected":false},"excerpt":{"rendered":"<p>Any 2018 IV Jornades d&#8217;hist\u00f2ria Mn. San\u00e7 Capdevila i Felip 14 i 15 de juny Fen\u00f2mens migratoris a Catalunya al llarg dels segles XIX i XX. Clica aqu\u00ed per veure les diferents confer\u00e8ncies de les jornades. Any 2017 III Jornades d&#8217;hist\u00f2ria Mn. San\u00e7 Capdevila i Felip 15 i 16 de&#8230;<\/p>\n","protected":false},"author":23,"featured_media":0,"parent":0,"menu_order":0,"comment_status":"closed","ping_status":"closed","template":"","meta":{"footnotes":""},"class_list":["post-1081","page","type-page","status-publish","hentry"],"_links":{"self":[{"href":"https:\/\/www.acct.cat\/es\/wp-json\/wp\/v2\/pages\/1081","targetHints":{"allow":["GET"]}}],"collection":[{"href":"https:\/\/www.acct.cat\/es\/wp-json\/wp\/v2\/pages"}],"about":[{"href":"https:\/\/www.acct.cat\/es\/wp-json\/wp\/v2\/types\/page"}],"author":[{"embeddable":true,"href":"https:\/\/www.acct.cat\/es\/wp-json\/wp\/v2\/users\/23"}],"replies":[{"embeddable":true,"href":"https:\/\/www.acct.cat\/es\/wp-json\/wp\/v2\/comments?post=1081"}],"version-history":[{"count":1,"href":"https:\/\/www.acct.cat\/es\/wp-json\/wp\/v2\/pages\/1081\/revisions"}],"predecessor-version":[{"id":1082,"href":"https:\/\/www.acct.cat\/es\/wp-json\/wp\/v2\/pages\/1081\/revisions\/1082"}],"wp:attachment":[{"href":"https:\/\/www.acct.cat\/es\/wp-json\/wp\/v2\/media?parent=1081"}],"curies":[{"name":"wp","href":"https:\/\/api.w.org\/{rel}","templated":true}]}}