{"id":1078,"date":"2019-01-18T14:29:23","date_gmt":"2019-01-18T14:29:23","guid":{"rendered":"http:\/\/www.acct.cat\/?page_id=1078"},"modified":"2019-01-18T14:29:23","modified_gmt":"2019-01-18T14:29:23","slug":"avis-legal","status":"publish","type":"page","link":"https:\/\/www.acct.cat\/es\/avis-legal\/","title":{"rendered":"avis legal"},"content":{"rendered":"<p style=\"text-align: justify\"><span style=\"color: #000000\">L&#8217;Arxiu Hist\u00f2ric Arxidioces\u00e0 de Tarragona (AHAT) t\u00e9 la seva seu en el n\u00fam. 2 del carrer de Sant Pau, 43003, Tarragona, Espanya, CIF n\u00fam. R4300001G. AHAT es reserva el dret d&#8217;actualitzar els continguts de la p\u00e0gina web i eliminar-los, com tamb\u00e9 de limitar i impedir-hi l&#8217;acc\u00e9s, ja sigui temporalment o definitiva, sense notificaci\u00f3 pr\u00e8via. L&#8217;\u00fas d&#8217;aquesta p\u00e0gina web atribueix la condici\u00f3 d&#8217;usuari de la p\u00e0gina web (en endavant l&#8217;usuari) i implica l&#8217;acceptaci\u00f3 plena i sense reserves de totes i cadascuna de les disposicions incloses en aquest Av\u00eds Legal, en la versi\u00f3 publicada per AHAT, en el mateix moment en qu\u00e8 l&#8217;Usuari accedeixi a la p\u00e0gina web. Les p\u00e0gines web d&#8217;AHAT poden visitar-se lliurement pels usuaris, excepte les \u00e0rees privades, que poden visitar-se utilitzant pr\u00e8viament el seu codi i la contrasenya, que proporcioni el gestor del portal. L&#8217;Usuari es compromet a utilitzar la p\u00e0gina web, els seus continguts i serveis, de conformitat amb la llei, amb aquest Av\u00eds Legal, amb les condicions particulars de certs serveis, respectant els drets inherents a la propietat intel\u00b7lectual dels continguts d&#8217;acord amb les possibilitats d&#8217;\u00fas que s&#8217;estableixin en cada cas, i amb els altres avisos, reglaments d&#8217;\u00fas i instruccions posats per al coneixement de l&#8217;Usuari, com tamb\u00e9 amb la moral i els bons costums generalment acceptats i l&#8217;ordre p\u00fablic. A aquest efecte, l&#8217;Usuari ha d&#8217;abstenir-se d&#8217;utilitzar qualsevol dels serveis i continguts amb fins o efectes il\u00b7l\u00edcits, prohibits i lesius dels drets i interessos de tercers. La responsabilitat de l&#8217;\u00fas de la informaci\u00f3 continguda en les p\u00e0gines web \u00e9s exclusivament de l&#8217;Usuari. AHAT no es fa responsable de l&#8217;\u00fas indegut del codi i de la contrasenya dels Usuaris per a l&#8217;acc\u00e9s als continguts i serveis que els requereixin i que s&#8217;ofereixin en la p\u00e0gina web, ni de les conseq\u00fc\u00e8ncies de qualsevol naturalesa derivades del mal \u00fas per part dels Usuaris, la p\u00e8rdua o l&#8217;oblit del codi i de la contrasenya, ni del seu \u00fas indegut per tercers no autoritzats.<\/span><\/p>\n<h3>CONDICIONS DE C\u00d2PIA I DISTRIBUCI\u00d3<\/h3>\n<p style=\"color: #000000;text-align: justify\">Els continguts d&#8217;aquesta p\u00e0gina web es publiquen sota una llic\u00e8ncia de \u00abReconeixement-NoComercial-SenseObraDerivada (by-nc-nd) 3.0 Espanya\u00bb de Creative Commons.<\/p>\n<div style=\"text-align: justify\"><img decoding=\"async\" title=\"\" src=\"http:\/\/i.creativecommons.org\/l\/by-nc-nd\/3.0\/es\/88x31.png\" alt=\"\" \/><\/div>\n<p class=\"vspace\" style=\"text-align: justify\">Aix\u00f2 significa que \u00e9s permesa la lliure c\u00f2pia, distribuci\u00f3 i comunicaci\u00f3 p\u00fablica dels textos publicats en aquesta p\u00e0gina web, sempre i quan:<\/p>\n<ul style=\"color: #000000;text-align: justify\">\n<li>S&#8217;esmenti l&#8217;autor.<\/li>\n<li>S&#8217;esmenti la font:\u00a0<a class=\"urllink\" style=\"color: #8aa654\" href=\"http:\/\/www.ahat.cat.\/\" rel=\"nofollow\">http:\/\/www.ahat.cat.<\/a><\/li>\n<li>No se&#8217;n cre\u00ef obra derivada.<\/li>\n<li>No se&#8217;n faci un \u00fas comercial.<\/li>\n<li>Se&#8217;n respecti la contextualitzaci\u00f3 original.<\/li>\n<\/ul>\n<p style=\"color: #000000;text-align: justify\">Queden exclosos d&#8217;aquesta llic\u00e8ncia (i, per tant, a l&#8217;empara de les llic\u00e8ncies \u00abtots els drets reservats\u00bb de la legislaci\u00f3 vigent sobre la propietat intel\u00b7lectual) totes les fotografies i imatges digitals dels documents.<\/p>\n<div id=\"wikitext\">\n<h3>POL\u00cdTICA DE PRIVADESA<\/h3>\n<p style=\"text-align: justify\">Amb la informaci\u00f3 que us proporcionem a continuaci\u00f3 l&#8217;AHAT vol que conegueu quina \u00e9s la pol\u00edtica de privadesa aplicada pel que fa al tractament de les dades personals. AHAT compleix tots els requisits establerts per la normativa vigent en mat\u00e8ria de protecci\u00f3 de dades personals i totes les dades sota la nostra responsabilitat es tracten d&#8217;acord amb les exig\u00e8ncies legals, i se&#8217;ls apliquen les degudes mesures de seguretat, tant t\u00e8cniques com organitzatives, que en garanteixin la confidencialitat. Sempre que ens faciliteu una dada personal, us informarem pr\u00e8viament del fitxer en el qual s&#8217;emmagatzemen aquestes dades, degudament inscrit i del qual AHAT \u00e9s el responsable legal. Les dades nom\u00e9s poden ser utilitzades per al compliment de les finalitats pr\u00f2pies d&#8217;AHAT i per a les quals s&#8217;ha creat el fitxer de dades, relacionades amb l&#8217;activitat general de l&#8217;organisme, aix\u00ed com a informar dels serveis que oferim. Com a persona interessada podeu accedir al fitxer i exercir, en qualsevol moment, els vostres drets d&#8217;oposici\u00f3, d&#8217;acc\u00e9s, de rectificaci\u00f3 i de cancel\u00b7laci\u00f3, adre\u00e7ant un correu electr\u00f2nic a l&#8217;adre\u00e7a de arxiu.historic@arquebisbattarragona.cat o b\u00e9 per correu postal a l&#8217;adre\u00e7a AHAT, C\/ de Sant Pau, 2, 43003 Tarragona indicant en l&#8217;assumpte del missatge o del sobre: \u00abPol\u00edtica de Privadesa\u00bb. Facilitant les vostres dades, s&#8217;ent\u00e9n que doneu el vostre consentiment per a tractar-les en les condicions abans esmentades. Aquest consentiment es pot revocar, sense efectes retroactius, en qualsevol moment, per causa justificada i en els termes establerts per la legislaci\u00f3 en mat\u00e8ria de protecci\u00f3 de dades de car\u00e0cter personal. Aix\u00ed mateix, us informem que les vostres dades personals no es segmentaran ni s&#8217;utilitzaran amb altres finalitats que no siguin les necess\u00e0ries per a la prestaci\u00f3 del servei i per a la mera informaci\u00f3 dels serveis i de les activitats que AHAT ofereix i que considerem que poden ser de la utilitat de l&#8217;usuari i titular de les dades. A la nostra p\u00e0gina web no hi ha cap hiperv\u00edncle que permeti la comunicaci\u00f3 de les seves dades a qualsevol altra entitat o empresa, aix\u00ed com tampoc est\u00e0 prevista cap cessi\u00f3 de dades entre administracions p\u00fabliques o a d&#8217;altres entitats p\u00fabliques o privades.<\/p>\n<p style=\"text-align: justify\">\n<\/div>\n","protected":false},"excerpt":{"rendered":"<p>L&#8217;Arxiu Hist\u00f2ric Arxidioces\u00e0 de Tarragona (AHAT) t\u00e9 la seva seu en el n\u00fam. 2 del carrer de Sant Pau, 43003, Tarragona, Espanya, CIF n\u00fam. R4300001G. AHAT es reserva el dret d&#8217;actualitzar els continguts de la p\u00e0gina web i eliminar-los, com tamb\u00e9 de limitar i impedir-hi l&#8217;acc\u00e9s, ja sigui temporalment o&#8230;<\/p>\n","protected":false},"author":1,"featured_media":0,"parent":0,"menu_order":0,"comment_status":"closed","ping_status":"closed","template":"","meta":{"footnotes":""},"class_list":["post-1078","page","type-page","status-publish","hentry"],"_links":{"self":[{"href":"https:\/\/www.acct.cat\/es\/wp-json\/wp\/v2\/pages\/1078","targetHints":{"allow":["GET"]}}],"collection":[{"href":"https:\/\/www.acct.cat\/es\/wp-json\/wp\/v2\/pages"}],"about":[{"href":"https:\/\/www.acct.cat\/es\/wp-json\/wp\/v2\/types\/page"}],"author":[{"embeddable":true,"href":"https:\/\/www.acct.cat\/es\/wp-json\/wp\/v2\/users\/1"}],"replies":[{"embeddable":true,"href":"https:\/\/www.acct.cat\/es\/wp-json\/wp\/v2\/comments?post=1078"}],"version-history":[{"count":1,"href":"https:\/\/www.acct.cat\/es\/wp-json\/wp\/v2\/pages\/1078\/revisions"}],"predecessor-version":[{"id":1079,"href":"https:\/\/www.acct.cat\/es\/wp-json\/wp\/v2\/pages\/1078\/revisions\/1079"}],"wp:attachment":[{"href":"https:\/\/www.acct.cat\/es\/wp-json\/wp\/v2\/media?parent=1078"}],"curies":[{"name":"wp","href":"https:\/\/api.w.org\/{rel}","templated":true}]}}