{"id":1047,"date":"2015-06-04T11:04:19","date_gmt":"2015-06-04T11:04:19","guid":{"rendered":"http:\/\/www.acct.cat\/tasas-y-tarifas\/"},"modified":"2015-06-04T11:04:19","modified_gmt":"2015-06-04T11:04:19","slug":"tasas-y-tarifas","status":"publish","type":"page","link":"https:\/\/www.acct.cat\/es\/tasas-y-tarifas\/","title":{"rendered":"Tasas y tarifas"},"content":{"rendered":"<p><strong>Reprograf\u00eda<\/strong><\/p>\n<p>El Archivo en L\u00ednea ofrece la opci\u00f3n de sol \u2022 licitar una copia de las im\u00e1genes de los documentos digitalizados en papel o en formato PDF.<\/p>\n<p>Reproducci\u00f3n en papel A4 de la imagen digital en blanco y negro &#8230; \u20ac 0,30 (IVA incluido) *<\/p>\n<p>Reproducci\u00f3n en papel A4 de la imagen digital en color &#8230; \u20ac 0,60 (IVA incluido) *<\/p>\n<p>Reproducci\u00f3n en PDF de la imagen digital en color &#8230; \u20ac 0,60 (IVA incluido)<\/p>\n<p>Las REPRODUCCIONES estar\u00e1n sujetas a copyright.<\/p>\n<p>* Gastos de gesti\u00f3n y env\u00edo:<\/p>\n<p>Si las copias se recogen en el propio Archivo no se cobrar\u00e1n los gastos de env\u00edo, mientras que si son entregadas por correo si sumar\u00e1n los gastos de gesti\u00f3n y env\u00edo:<\/p>\n<p>Por correo ordinario &#8230; 3 \u20ac<\/p>\n<p><strong>Im\u00e1genes de documentos para publicar<\/strong><\/p>\n<p>Publicaciones comerciales:<\/p>\n<p>1-25 im\u00e1genes &#8230; 50 EUR unidad<\/p>\n<p>26-50 im\u00e1genes &#8230; 25 EUR unidad<\/p>\n<p>51-75 im\u00e1genes &#8230; 20 EUR unidad<\/p>\n<p>76-100 im\u00e1genes &#8230; 12 EUR unidad<\/p>\n<p>M\u00e1s 100 im\u00e1genes &#8230; 8 EUR unidad<\/p>\n<p>Publicaciones sin \u00e1nimo de lucro *<\/p>\n<p>1-25 im\u00e1genes &#8230; 10 EUR unidad<\/p>\n<p>26-50 im\u00e1genes &#8230; 8 EUR unidad<\/p>\n<p>51-75 im\u00e1genes &#8230; 6 EUR unidad<\/p>\n<p>76-100 im\u00e1genes &#8230; 4 EUR unidad<\/p>\n<p>M\u00e1s 100 im\u00e1genes &#8230; 2 EUR unidad<\/p>\n<p>* Las reproducciones que tenga por objetivo un trabajo de investigaci\u00f3n y que sean solo \u2022 licitadas por estudiantes, jubilados y personas en paro tendr\u00e1n una bonificaci\u00f3n de un 50% sobre el precio total. Habr\u00e1 la presentaci\u00f3n de la acreditaci\u00f3n correspondiente (estudiante, jubilado o persona en paro).<\/p>\n<p><strong>Digitalizaci\u00f3n de documentaci\u00f3n<\/strong><\/p>\n<p>Coste de digitalizar un documento \/ libro &#8230; 0,30 por im\u00e1genes (IVA incluido)<\/p>\n<p>La digitalizaci\u00f3n de la documentaci\u00f3n comporta la aceptaci\u00f3n por parte del usuario que esta sea colgada en el web del Archivo para que cualquier otro usuario pueda acceder a ellos libremente.<\/p>\n<p>* Tasas aprobadas por el Arzobispado de Tarragona con el Decreto de 22 de marzo de 2005 por el que se establecen las ofrendas y tasas por los servicios sacramentales y administrativos en nuestra archidi\u00f3cesis. Bolet\u00edn Oficial del Arzobispado de Tarragona (BOAT). Tarragona, abril de 2005, 3\u00aa \u00e9poca. N\u00fam. 388. p. 139-141.<\/p>\n","protected":false},"excerpt":{"rendered":"<p>Reprograf\u00eda El Archivo en L\u00ednea ofrece la opci\u00f3n de sol \u2022 licitar una copia de las im\u00e1genes de los documentos digitalizados en papel o en formato PDF. Reproducci\u00f3n en papel A4 de la imagen digital en blanco y negro &#8230; \u20ac 0,30 (IVA incluido) * Reproducci\u00f3n en papel A4 de&#8230;<\/p>\n","protected":false},"author":23,"featured_media":0,"parent":0,"menu_order":0,"comment_status":"closed","ping_status":"closed","template":"","meta":{"footnotes":""},"class_list":["post-1047","page","type-page","status-publish","hentry"],"_links":{"self":[{"href":"https:\/\/www.acct.cat\/es\/wp-json\/wp\/v2\/pages\/1047","targetHints":{"allow":["GET"]}}],"collection":[{"href":"https:\/\/www.acct.cat\/es\/wp-json\/wp\/v2\/pages"}],"about":[{"href":"https:\/\/www.acct.cat\/es\/wp-json\/wp\/v2\/types\/page"}],"author":[{"embeddable":true,"href":"https:\/\/www.acct.cat\/es\/wp-json\/wp\/v2\/users\/23"}],"replies":[{"embeddable":true,"href":"https:\/\/www.acct.cat\/es\/wp-json\/wp\/v2\/comments?post=1047"}],"version-history":[{"count":0,"href":"https:\/\/www.acct.cat\/es\/wp-json\/wp\/v2\/pages\/1047\/revisions"}],"wp:attachment":[{"href":"https:\/\/www.acct.cat\/es\/wp-json\/wp\/v2\/media?parent=1047"}],"curies":[{"name":"wp","href":"https:\/\/api.w.org\/{rel}","templated":true}]}}