{"id":1043,"date":"2015-02-10T07:49:10","date_gmt":"2015-02-10T07:49:10","guid":{"rendered":"http:\/\/www.acct.cat\/exposiciones\/"},"modified":"2015-02-10T07:49:10","modified_gmt":"2015-02-10T07:49:10","slug":"exposiciones","status":"publish","type":"page","link":"https:\/\/www.acct.cat\/es\/exposiciones\/","title":{"rendered":"Exposiciones"},"content":{"rendered":"<h3><strong>Any 2014:<\/strong><\/h3>\n<p><strong>La Seu de Tarragona i la Guerra de Successi\u00f3 (1700-1719)<\/strong><\/p>\n\n\t\t<style type=\"text\/css\">\n\t\t\t#gallery-1 {\n\t\t\t\tmargin: auto;\n\t\t\t}\n\t\t\t#gallery-1 .gallery-item {\n\t\t\t\tfloat: left;\n\t\t\t\tmargin-top: 10px;\n\t\t\t\ttext-align: center;\n\t\t\t\twidth: 25%;\n\t\t\t}\n\t\t\t#gallery-1 img {\n\t\t\t\tborder: 2px solid #cfcfcf;\n\t\t\t}\n\t\t\t#gallery-1 .gallery-caption {\n\t\t\t\tmargin-left: 0;\n\t\t\t}\n\t\t\t\/* see gallery_shortcode() in wp-includes\/media.php *\/\n\t\t<\/style>\n\t\t<div id='gallery-1' class='gallery galleryid-1043 gallery-columns-4 gallery-size-thumbnail'><dl class='gallery-item'>\n\t\t\t<dt class='gallery-icon portrait'>\n\t\t\t\t<a href='https:\/\/www.acct.cat\/es\/exposiciones\/plafons1-2\/'><img loading=\"lazy\" decoding=\"async\" width=\"150\" height=\"150\" src=\"https:\/\/www.acct.cat\/wp-content\/uploads\/sites\/23\/2015\/02\/plafons1-150x150.jpg\" class=\"attachment-thumbnail size-thumbnail\" alt=\"\" srcset=\"https:\/\/www.acct.cat\/wp-content\/uploads\/sites\/23\/2015\/02\/plafons1-150x150.jpg 150w, https:\/\/www.acct.cat\/wp-content\/uploads\/sites\/23\/2015\/02\/plafons1-230x230.jpg 230w\" sizes=\"auto, (max-width: 150px) 100vw, 150px\" \/><\/a>\n\t\t\t<\/dt><\/dl><dl class='gallery-item'>\n\t\t\t<dt class='gallery-icon portrait'>\n\t\t\t\t<a href='https:\/\/www.acct.cat\/es\/exposiciones\/plafons2-2\/'><img loading=\"lazy\" decoding=\"async\" width=\"150\" height=\"150\" src=\"https:\/\/www.acct.cat\/wp-content\/uploads\/sites\/23\/2015\/02\/plafons2-150x150.jpg\" class=\"attachment-thumbnail size-thumbnail\" alt=\"\" srcset=\"https:\/\/www.acct.cat\/wp-content\/uploads\/sites\/23\/2015\/02\/plafons2-150x150.jpg 150w, https:\/\/www.acct.cat\/wp-content\/uploads\/sites\/23\/2015\/02\/plafons2-230x230.jpg 230w\" sizes=\"auto, (max-width: 150px) 100vw, 150px\" \/><\/a>\n\t\t\t<\/dt><\/dl><dl class='gallery-item'>\n\t\t\t<dt class='gallery-icon portrait'>\n\t\t\t\t<a href='https:\/\/www.acct.cat\/es\/exposiciones\/plafons3-2\/'><img loading=\"lazy\" decoding=\"async\" width=\"150\" height=\"150\" src=\"https:\/\/www.acct.cat\/wp-content\/uploads\/sites\/23\/2015\/02\/plafons3-150x150.jpg\" class=\"attachment-thumbnail size-thumbnail\" alt=\"\" srcset=\"https:\/\/www.acct.cat\/wp-content\/uploads\/sites\/23\/2015\/02\/plafons3-150x150.jpg 150w, https:\/\/www.acct.cat\/wp-content\/uploads\/sites\/23\/2015\/02\/plafons3-230x230.jpg 230w\" sizes=\"auto, (max-width: 150px) 100vw, 150px\" \/><\/a>\n\t\t\t<\/dt><\/dl><dl class='gallery-item'>\n\t\t\t<dt class='gallery-icon portrait'>\n\t\t\t\t<a href='https:\/\/www.acct.cat\/es\/exposiciones\/plafons4-2\/'><img loading=\"lazy\" decoding=\"async\" width=\"150\" height=\"150\" src=\"https:\/\/www.acct.cat\/wp-content\/uploads\/sites\/23\/2015\/02\/plafons4-150x150.jpg\" class=\"attachment-thumbnail size-thumbnail\" alt=\"\" srcset=\"https:\/\/www.acct.cat\/wp-content\/uploads\/sites\/23\/2015\/02\/plafons4-150x150.jpg 150w, https:\/\/www.acct.cat\/wp-content\/uploads\/sites\/23\/2015\/02\/plafons4-230x230.jpg 230w\" sizes=\"auto, (max-width: 150px) 100vw, 150px\" \/><\/a>\n\t\t\t<\/dt><\/dl><br style=\"clear: both\" \/><dl class='gallery-item'>\n\t\t\t<dt class='gallery-icon portrait'>\n\t\t\t\t<a href='https:\/\/www.acct.cat\/es\/exposiciones\/plafons5-2\/'><img loading=\"lazy\" decoding=\"async\" width=\"150\" height=\"150\" src=\"https:\/\/www.acct.cat\/wp-content\/uploads\/sites\/23\/2015\/02\/plafons5-150x150.jpg\" class=\"attachment-thumbnail size-thumbnail\" alt=\"\" srcset=\"https:\/\/www.acct.cat\/wp-content\/uploads\/sites\/23\/2015\/02\/plafons5-150x150.jpg 150w, https:\/\/www.acct.cat\/wp-content\/uploads\/sites\/23\/2015\/02\/plafons5-230x230.jpg 230w\" sizes=\"auto, (max-width: 150px) 100vw, 150px\" \/><\/a>\n\t\t\t<\/dt><\/dl><dl class='gallery-item'>\n\t\t\t<dt class='gallery-icon portrait'>\n\t\t\t\t<a href='https:\/\/www.acct.cat\/es\/exposiciones\/plafons6-2\/'><img loading=\"lazy\" decoding=\"async\" width=\"150\" height=\"150\" src=\"https:\/\/www.acct.cat\/wp-content\/uploads\/sites\/23\/2015\/02\/plafons6-150x150.jpg\" class=\"attachment-thumbnail size-thumbnail\" alt=\"\" srcset=\"https:\/\/www.acct.cat\/wp-content\/uploads\/sites\/23\/2015\/02\/plafons6-150x150.jpg 150w, https:\/\/www.acct.cat\/wp-content\/uploads\/sites\/23\/2015\/02\/plafons6-230x230.jpg 230w\" sizes=\"auto, (max-width: 150px) 100vw, 150px\" \/><\/a>\n\t\t\t<\/dt><\/dl><dl class='gallery-item'>\n\t\t\t<dt class='gallery-icon portrait'>\n\t\t\t\t<a href='https:\/\/www.acct.cat\/es\/exposiciones\/plafons7-2\/'><img loading=\"lazy\" decoding=\"async\" width=\"150\" height=\"150\" src=\"https:\/\/www.acct.cat\/wp-content\/uploads\/sites\/23\/2015\/02\/plafons7-150x150.jpg\" class=\"attachment-thumbnail size-thumbnail\" alt=\"\" srcset=\"https:\/\/www.acct.cat\/wp-content\/uploads\/sites\/23\/2015\/02\/plafons7-150x150.jpg 150w, https:\/\/www.acct.cat\/wp-content\/uploads\/sites\/23\/2015\/02\/plafons7-230x230.jpg 230w\" sizes=\"auto, (max-width: 150px) 100vw, 150px\" \/><\/a>\n\t\t\t<\/dt><\/dl><dl class='gallery-item'>\n\t\t\t<dt class='gallery-icon portrait'>\n\t\t\t\t<a href='https:\/\/www.acct.cat\/es\/exposiciones\/plafons8-2\/'><img loading=\"lazy\" decoding=\"async\" width=\"150\" height=\"150\" src=\"https:\/\/www.acct.cat\/wp-content\/uploads\/sites\/23\/2015\/02\/plafons8-150x150.jpg\" class=\"attachment-thumbnail size-thumbnail\" alt=\"\" srcset=\"https:\/\/www.acct.cat\/wp-content\/uploads\/sites\/23\/2015\/02\/plafons8-150x150.jpg 150w, https:\/\/www.acct.cat\/wp-content\/uploads\/sites\/23\/2015\/02\/plafons8-230x230.jpg 230w\" sizes=\"auto, (max-width: 150px) 100vw, 150px\" \/><\/a>\n\t\t\t<\/dt><\/dl><br style=\"clear: both\" \/>\n\t\t<\/div>\n\n<p><strong>Consulta el d\u00edptico\u00a0\u00a0<a href=\"http:\/\/acct.wp.arqtgn.cat\/wp-content\/uploads\/sites\/23\/2015\/02\/diptic6.pdf\" target=\"_blank\" rel=\"noopener\">aqu\u00ed<\/a><\/strong><\/p>\n<p><strong>Puede ver el v\u00eddeo de la inauguraci\u00f3n de la exposici\u00f3n\u00a0<a href=\"https:\/\/www.youtube.com\/watch?v=kjLNr2J2jgk&amp;index=5&amp;list=PLPRC0b3CBZGDdUR8B5uDkLzCa3ZGLxBbT\" target=\"_blank\" rel=\"noopener\">aqu\u00ed<\/a>.<\/strong><\/p>\n","protected":false},"excerpt":{"rendered":"<p>Any 2014: La Seu de Tarragona i la Guerra de Successi\u00f3 (1700-1719) Consulta el d\u00edptico\u00a0\u00a0aqu\u00ed Puede ver el v\u00eddeo de la inauguraci\u00f3n de la exposici\u00f3n\u00a0aqu\u00ed.<\/p>\n","protected":false},"author":23,"featured_media":0,"parent":0,"menu_order":0,"comment_status":"closed","ping_status":"closed","template":"","meta":{"footnotes":""},"class_list":["post-1043","page","type-page","status-publish","hentry"],"_links":{"self":[{"href":"https:\/\/www.acct.cat\/es\/wp-json\/wp\/v2\/pages\/1043","targetHints":{"allow":["GET"]}}],"collection":[{"href":"https:\/\/www.acct.cat\/es\/wp-json\/wp\/v2\/pages"}],"about":[{"href":"https:\/\/www.acct.cat\/es\/wp-json\/wp\/v2\/types\/page"}],"author":[{"embeddable":true,"href":"https:\/\/www.acct.cat\/es\/wp-json\/wp\/v2\/users\/23"}],"replies":[{"embeddable":true,"href":"https:\/\/www.acct.cat\/es\/wp-json\/wp\/v2\/comments?post=1043"}],"version-history":[{"count":0,"href":"https:\/\/www.acct.cat\/es\/wp-json\/wp\/v2\/pages\/1043\/revisions"}],"wp:attachment":[{"href":"https:\/\/www.acct.cat\/es\/wp-json\/wp\/v2\/media?parent=1043"}],"curies":[{"name":"wp","href":"https:\/\/api.w.org\/{rel}","templated":true}]}}