{"id":1035,"date":"2014-03-20T11:04:05","date_gmt":"2014-03-20T11:04:05","guid":{"rendered":"http:\/\/www.acct.cat\/catedra-antoni-pedrol-i-rius-de-estudios-juridicos-locales\/"},"modified":"2014-03-20T11:04:05","modified_gmt":"2014-03-20T11:04:05","slug":"catedra-antoni-pedrol-i-rius-de-estudios-juridicos-locales","status":"publish","type":"page","link":"https:\/\/www.acct.cat\/es\/catedra-antoni-pedrol-i-rius-de-estudios-juridicos-locales\/","title":{"rendered":"C\u00e1tedra Antoni Pedrol i Rius de Estudios Jur\u00eddicos Locales"},"content":{"rendered":"<p style=\"text-align: justify\"><strong>Any 2012<\/strong><br \/>\n<strong>La Universidad Rovira i Virgili y la C\u00e1tedra Antoni Pedrol i Rius. Estudios de derecho local.<\/strong><br \/>\nFinanciaci\u00f3n de la digitalizaci\u00f3n de la documentaci\u00f3n relativa a Reus de la Camareria y de la Mensa Capitular de los siglos XVI-XIX del ACT. En total se han digitalizado 24 unidades documentales.<\/p>\n<div id=\"attachment_103\" style=\"width: 310px\" class=\"wp-caption aligncenter\"><a href=\"http:\/\/www.urv.cat\/catedres\/pedrol.html\" target=\"_blank\"><img loading=\"lazy\" decoding=\"async\" aria-describedby=\"caption-attachment-103\" class=\"size-medium wp-image-103\" src=\"http:\/\/acct.wp.arqtgn.cat\/wp-content\/uploads\/sites\/23\/2013\/11\/logo-300x81.png\" alt=\"Estudis de Dret Local. C\u00e0tedra Antoni Pedrol i Rius.\" width=\"300\" height=\"81\" srcset=\"https:\/\/www.acct.cat\/wp-content\/uploads\/sites\/23\/2013\/11\/logo-300x81.png 300w, https:\/\/www.acct.cat\/wp-content\/uploads\/sites\/23\/2013\/11\/logo.png 639w\" sizes=\"auto, (max-width: 300px) 100vw, 300px\" \/><\/a><p id=\"caption-attachment-103\" class=\"wp-caption-text\">Estudis de Dret Local. C\u00e0tedra Antoni Pedrol i Rius.<\/p><\/div>\n","protected":false},"excerpt":{"rendered":"<p>Any 2012 La Universidad Rovira i Virgili y la C\u00e1tedra Antoni Pedrol i Rius. Estudios de derecho local. Financiaci\u00f3n de la digitalizaci\u00f3n de la documentaci\u00f3n relativa a Reus de la Camareria y de la Mensa Capitular de los siglos XVI-XIX del ACT. En total se han digitalizado 24 unidades documentales.<\/p>\n","protected":false},"author":23,"featured_media":0,"parent":0,"menu_order":0,"comment_status":"closed","ping_status":"closed","template":"","meta":{"footnotes":""},"class_list":["post-1035","page","type-page","status-publish","hentry"],"_links":{"self":[{"href":"https:\/\/www.acct.cat\/es\/wp-json\/wp\/v2\/pages\/1035","targetHints":{"allow":["GET"]}}],"collection":[{"href":"https:\/\/www.acct.cat\/es\/wp-json\/wp\/v2\/pages"}],"about":[{"href":"https:\/\/www.acct.cat\/es\/wp-json\/wp\/v2\/types\/page"}],"author":[{"embeddable":true,"href":"https:\/\/www.acct.cat\/es\/wp-json\/wp\/v2\/users\/23"}],"replies":[{"embeddable":true,"href":"https:\/\/www.acct.cat\/es\/wp-json\/wp\/v2\/comments?post=1035"}],"version-history":[{"count":0,"href":"https:\/\/www.acct.cat\/es\/wp-json\/wp\/v2\/pages\/1035\/revisions"}],"wp:attachment":[{"href":"https:\/\/www.acct.cat\/es\/wp-json\/wp\/v2\/media?parent=1035"}],"curies":[{"name":"wp","href":"https:\/\/api.w.org\/{rel}","templated":true}]}}