{"id":1033,"date":"2014-03-20T11:02:27","date_gmt":"2014-03-20T11:02:27","guid":{"rendered":"http:\/\/www.acct.cat\/universidad-rovira-i-virgili\/"},"modified":"2014-03-20T11:02:27","modified_gmt":"2014-03-20T11:02:27","slug":"universidad-rovira-i-virgili","status":"publish","type":"page","link":"https:\/\/www.acct.cat\/es\/universidad-rovira-i-virgili\/","title":{"rendered":"Universidad Rovira i Virgili"},"content":{"rendered":"<p style=\"text-align: justify\"><strong>Any 2012<\/strong><br \/>\n<strong>La Universidad Rovira i Virgili y la C\u00e1tedra Antoni Pedrol i Rius. Estudios de derecho local.<\/strong><br \/>\nFinanciaci\u00f3n de la digitalizaci\u00f3n de la documentaci\u00f3n relativa a Reus de la Cambrer\u00eda y de la Mensa Capitular de los siglos XVI-XIX del Archivo Capitular de Tarragona.<\/p>\n<p style=\"text-align: justify\">En total se han digitalizado 24 unidades documentales.<\/p>\n<div id=\"attachment_105\" style=\"width: 310px\" class=\"wp-caption aligncenter\"><a href=\"http:\/\/www.urv.cat\/\" target=\"_blank\"><img loading=\"lazy\" decoding=\"async\" aria-describedby=\"caption-attachment-105\" class=\"size-medium wp-image-105\" src=\"http:\/\/acct.wp.arqtgn.cat\/wp-content\/uploads\/sites\/23\/2013\/11\/A-color-300x151.gif\" alt=\"Universitat Rovira i Virgili.\" width=\"300\" height=\"151\" \/><\/a><p id=\"caption-attachment-105\" class=\"wp-caption-text\">Universitat Rovira i Virgili.<\/p><\/div>\n","protected":false},"excerpt":{"rendered":"<p>Any 2012 La Universidad Rovira i Virgili y la C\u00e1tedra Antoni Pedrol i Rius. Estudios de derecho local. Financiaci\u00f3n de la digitalizaci\u00f3n de la documentaci\u00f3n relativa a Reus de la Cambrer\u00eda y de la Mensa Capitular de los siglos XVI-XIX del Archivo Capitular de Tarragona. En total se han digitalizado&#8230;<\/p>\n","protected":false},"author":23,"featured_media":0,"parent":0,"menu_order":0,"comment_status":"closed","ping_status":"closed","template":"","meta":{"footnotes":""},"class_list":["post-1033","page","type-page","status-publish","hentry"],"_links":{"self":[{"href":"https:\/\/www.acct.cat\/es\/wp-json\/wp\/v2\/pages\/1033","targetHints":{"allow":["GET"]}}],"collection":[{"href":"https:\/\/www.acct.cat\/es\/wp-json\/wp\/v2\/pages"}],"about":[{"href":"https:\/\/www.acct.cat\/es\/wp-json\/wp\/v2\/types\/page"}],"author":[{"embeddable":true,"href":"https:\/\/www.acct.cat\/es\/wp-json\/wp\/v2\/users\/23"}],"replies":[{"embeddable":true,"href":"https:\/\/www.acct.cat\/es\/wp-json\/wp\/v2\/comments?post=1033"}],"version-history":[{"count":0,"href":"https:\/\/www.acct.cat\/es\/wp-json\/wp\/v2\/pages\/1033\/revisions"}],"wp:attachment":[{"href":"https:\/\/www.acct.cat\/es\/wp-json\/wp\/v2\/media?parent=1033"}],"curies":[{"name":"wp","href":"https:\/\/api.w.org\/{rel}","templated":true}]}}