{"id":1031,"date":"2014-03-20T11:00:52","date_gmt":"2014-03-20T11:00:52","guid":{"rendered":"http:\/\/www.acct.cat\/autoridad-portuaria-de-tarragona\/"},"modified":"2014-03-20T11:00:52","modified_gmt":"2014-03-20T11:00:52","slug":"autoridad-portuaria-de-tarragona","status":"publish","type":"page","link":"https:\/\/www.acct.cat\/es\/autoridad-portuaria-de-tarragona\/","title":{"rendered":"Autoridad Portuaria de Tarragona"},"content":{"rendered":"<p style=\"text-align: justify\"><strong>Convenio general de colaboraci\u00f3n i cooperaci\u00f3n entre l&#8217;Arxiu Hist\u00f2ric Arxidioces\u00e0 de Tarragona, el Cap\u00edtol Catedral de Tarragona y l&#8217;Autoritat Portu\u00e0ria del Port de Tarragona.<\/strong><br \/>\nEl d\u00eda 5 de septiembre de 2011, l&#8217; Excm. y Rvdm. Dr. Jaume Pujol i Balcells, Arzobispo de Tarragona y Primado, Mn. Manuel Maria Fuentes i Gas\u00f3, director del AHAT y can\u00f3nigo archivero de la catedral de Tarragona, y el senyor Josep Andreu i Figueras, presidente de la Autoritat Portu\u00e0ria de Tarragona, signaron un convenio en nombre de les tres institucions que representan. El esmentado convenio, que tiene una vigencia de cuatro a\u00f1os y una dotaci\u00f3n econ\u00f3mica de 11.250\u20ac para cada uno, tiene que permitir la catalogaci\u00f3n, informatitzaci\u00f3n, la digitalitzaci\u00f3n y la difusi\u00f3n del fondo documental de l&#8217; Arxiu Capitular de la Catedral de Tarragona.<\/p>\n<div id=\"attachment_102\" style=\"width: 310px\" class=\"wp-caption aligncenter\"><a href=\"http:\/\/www.porttarragona.cat\/ca\/\" target=\"_blank\"><img loading=\"lazy\" decoding=\"async\" aria-describedby=\"caption-attachment-102\" class=\"size-medium wp-image-102\" src=\"http:\/\/acct.wp.arqtgn.cat\/wp-content\/uploads\/sites\/23\/2013\/11\/Port-300x65.jpg\" alt=\"Autoritat portu\u00e0ria de Tarragona.\" width=\"300\" height=\"65\" srcset=\"https:\/\/www.acct.cat\/wp-content\/uploads\/sites\/23\/2013\/11\/Port-300x65.jpg 300w, https:\/\/www.acct.cat\/wp-content\/uploads\/sites\/23\/2013\/11\/Port.jpg 832w\" sizes=\"auto, (max-width: 300px) 100vw, 300px\" \/><\/a><p id=\"caption-attachment-102\" class=\"wp-caption-text\">Autoritat portu\u00e0ria de Tarragona.<\/p><\/div>\n","protected":false},"excerpt":{"rendered":"<p>Convenio general de colaboraci\u00f3n i cooperaci\u00f3n entre l&#8217;Arxiu Hist\u00f2ric Arxidioces\u00e0 de Tarragona, el Cap\u00edtol Catedral de Tarragona y l&#8217;Autoritat Portu\u00e0ria del Port de Tarragona. El d\u00eda 5 de septiembre de 2011, l&#8217; Excm. y Rvdm. Dr. Jaume Pujol i Balcells, Arzobispo de Tarragona y Primado, Mn. Manuel Maria Fuentes i&#8230;<\/p>\n","protected":false},"author":23,"featured_media":0,"parent":0,"menu_order":0,"comment_status":"closed","ping_status":"closed","template":"","meta":{"footnotes":""},"class_list":["post-1031","page","type-page","status-publish","hentry"],"_links":{"self":[{"href":"https:\/\/www.acct.cat\/es\/wp-json\/wp\/v2\/pages\/1031","targetHints":{"allow":["GET"]}}],"collection":[{"href":"https:\/\/www.acct.cat\/es\/wp-json\/wp\/v2\/pages"}],"about":[{"href":"https:\/\/www.acct.cat\/es\/wp-json\/wp\/v2\/types\/page"}],"author":[{"embeddable":true,"href":"https:\/\/www.acct.cat\/es\/wp-json\/wp\/v2\/users\/23"}],"replies":[{"embeddable":true,"href":"https:\/\/www.acct.cat\/es\/wp-json\/wp\/v2\/comments?post=1031"}],"version-history":[{"count":0,"href":"https:\/\/www.acct.cat\/es\/wp-json\/wp\/v2\/pages\/1031\/revisions"}],"wp:attachment":[{"href":"https:\/\/www.acct.cat\/es\/wp-json\/wp\/v2\/media?parent=1031"}],"curies":[{"name":"wp","href":"https:\/\/api.w.org\/{rel}","templated":true}]}}