{"id":1021,"date":"2014-03-20T08:19:33","date_gmt":"2014-03-20T08:19:33","guid":{"rendered":"http:\/\/www.acct.cat\/publicaciones\/"},"modified":"2014-03-20T08:19:33","modified_gmt":"2014-03-20T08:19:33","slug":"publicaciones","status":"publish","type":"page","link":"https:\/\/www.acct.cat\/es\/publicaciones\/","title":{"rendered":"Publicaciones"},"content":{"rendered":"<h4 style=\"text-align: justify\"><strong>Any 2018<\/strong><\/h4>\n<h3><em><strong><img loading=\"lazy\" decoding=\"async\" class=\"alignleft wp-image-3299 size-medium\" src=\"http:\/\/ahat.wp.arqtgn.cat\/wp-content\/uploads\/sites\/21\/2018\/07\/RepoblacioTarragona-198x300.jpg\" alt=\"\" width=\"198\" height=\"300\" \/>La repoblaci\u00f3 del Camp de Tarragona. Estat de la q\u00fcesti\u00f3<\/strong><\/em><\/h3>\n<p><strong style=\"font-size: 16px\">Autors: Ezequiel Gort Juanpere, Eduard Juncosa Bonet, Montserrat Rovira Rafecas, Josep Maria Sans Trav\u00e9, Lucas Villegas-Aristiz\u00e1bal, Antoni Virgili Colet<\/strong><\/p>\n<p style=\"text-align: justify\">Edici\u00f3 de les actes de les I jornades d&#8217;hist\u00f2ria Mn. San\u00e7 Capdevila i Felip.<\/p>\n<p>Silva Editorial | Col\u00b7lecci\u00f3 Inter Primas, 3 | 2018 | Preu:\u00a015,00 EUR | Per aconseguir un exemplar poseu-vos en contacte amb l&#8217;arxiu: <span style=\"color: #0000ff\">arxiu.historic@arqtgn.cat<\/span><\/p>\n<p>&nbsp;<\/p>\n<p>&nbsp;<\/p>\n<p>&nbsp;<\/p>\n<p>&nbsp;<\/p>\n<hr \/>\n<h4 style=\"text-align: justify\"><strong>Any 2017<\/strong><\/h4>\n<h3><em><strong><img loading=\"lazy\" decoding=\"async\" class=\"alignleft wp-image-3083 size-medium\" src=\"http:\/\/ahat.wp.arqtgn.cat\/wp-content\/uploads\/sites\/21\/2017\/09\/VidalBarraquerActes-224x300.jpg\" alt=\"\" width=\"224\" height=\"300\" \/>Cardenal Vidal i Barraquer. Testimoni fidel (1943-2013)<\/strong><\/em><\/h3>\n<p><strong style=\"font-size: 16px\">Autors: Ramon Corts Blay, Miguel \u00c1ngel Dionisio Vivas, Manuel M. Fuentes i Gas\u00f3, Llu\u00eds M. Moncunill Cirac, Josep M. Sans Trav\u00e9, Valent\u00ed Serra de Manresa i Joan Maria Thom\u00e0s Andreu<\/strong><\/p>\n<p style=\"text-align: justify\">Edici\u00f3 del cicle de set confer\u00e8ncies que va tenir lloc el 2014 dins dels actes de l&#8217;Any Cardenal Vidal i Barraquer, testimoni fidel (+1943-2013) organitzat per commemorar el 70\u00e8 aniversari del seu trasp\u00e0s.<\/p>\n<p>Silva Editorial | Col\u00b7lecci\u00f3 Inter Primas, 1 | 2017 | Preu:\u00a015,00 EUR | Per adquirir-lo poseu-vos en\u00a0 \u00a0 \u00a0 \u00a0 \u00a0 \u00a0 \u00a0 \u00a0 \u00a0 \u00a0 \u00a0 \u00a0 \u00a0 \u00a0 \u00a0 \u00a0 \u00a0 \u00a0 \u00a0 \u00a0 \u00a0 \u00a0 \u00a0 \u00a0 \u00a0 \u00a0 \u00a0 \u00a0 \u00a0 \u00a0 \u00a0 \u00a0 \u00a0 \u00a0 \u00a0 \u00a0 \u00a0 \u00a0 \u00a0 \u00a0contacte amb l&#8217;arxiu: <span style=\"color: #0000ff\">arxiu.historic@arqtgn.cat<\/span><\/p>\n<p>&nbsp;<\/p>\n<p>&nbsp;<\/p>\n<p>&nbsp;<\/p>\n<hr \/>\n<h4 style=\"text-align: justify\"><strong>Any 2015<\/strong><\/h4>\n<p><strong>Inventaris dels fons musicals de Catalunya. Volum 8: Fons de la catedral de Tarragona.<\/strong><\/p>\n<p><strong>Francesc Bonastre i Bertran, Josep Maria Gregori i Cifr\u00e9, Montserrat Canela i Grau<\/strong><\/p>\n<p><a href=\"http:\/\/acct.wp.arqtgn.cat\/wp-content\/uploads\/sites\/23\/2016\/02\/llibre.jpg\" rel=\"attachment wp-att-663\"><img loading=\"lazy\" decoding=\"async\" class=\"size-medium wp-image-663 alignleft\" src=\"http:\/\/acct.wp.arqtgn.cat\/wp-content\/uploads\/sites\/23\/2016\/02\/llibre-217x300.jpg\" alt=\"llibre\" width=\"217\" height=\"300\" srcset=\"https:\/\/www.acct.cat\/wp-content\/uploads\/sites\/23\/2016\/02\/llibre-217x300.jpg 217w, https:\/\/www.acct.cat\/wp-content\/uploads\/sites\/23\/2016\/02\/llibre-768x1060.jpg 768w, https:\/\/www.acct.cat\/wp-content\/uploads\/sites\/23\/2016\/02\/llibre-742x1024.jpg 742w\" sizes=\"auto, (max-width: 217px) 100vw, 217px\" \/><\/a><\/p>\n<p>El fons musical de l&#8217;Arxiu Capitular de la Catedral de Tarragona conserva 4 col\u00b7leccions de repertori musical, manuscrit i impr\u00e8s de significatiu relleu i import\u00e0ncia per a l&#8217;estudi de la hist\u00f2ria de la m\u00fasica catalana. 1.114 obres d&#8217;autor, 299 obres an\u00f2nimes, 74 llibres corals, 5 llibres de faristol i 118 impresos.<\/p>\n<p>La col\u00b7lecci\u00f3 reuneix obres generades entre els segles XVII i XX. Bona part d&#8217;aquest repertori pertany a l&#8217;obra compositiva dels propis mestres de capella i organistes que se succe\u00efren en l&#8217;exercici dels magisteris de la Seu tarragonina.<\/p>\n<p>&nbsp;<\/p>\n<p>Servei de Publicacions de la Universitat Aut\u00f2noma de Barcelona | 2015 | Preu: 30,00 EUR | Per adquirir-lo poseu-vos en contacte amb l\u2019arxiu:\u00a0arxiu.historic@arqtgn.cat<\/p>\n<p>&nbsp;<\/p>\n<p>&nbsp;<\/p>\n<p>&nbsp;<\/p>\n<hr \/>\n<p><strong>Joan\u00a0Cris\u00f2stom\u00a0Ripolles (1678-1746). M\u00fasica eclesi\u00e0stica per a 1, 2, 4, 6 i 8 veus.<\/strong><\/p>\n<p><strong>Josep Maria Gregori<\/strong><\/p>\n<p style=\"text-align: justify\"><a href=\"http:\/\/acct.wp.arqtgn.cat\/wp-content\/uploads\/sites\/23\/2014\/03\/968.jpg\"><img loading=\"lazy\" decoding=\"async\" class=\" size-medium wp-image-533 alignleft\" src=\"http:\/\/acct.wp.arqtgn.cat\/wp-content\/uploads\/sites\/23\/2014\/03\/968-221x300.jpg\" alt=\"968\" width=\"221\" height=\"300\" srcset=\"https:\/\/www.acct.cat\/wp-content\/uploads\/sites\/23\/2014\/03\/968-221x300.jpg 221w, https:\/\/www.acct.cat\/wp-content\/uploads\/sites\/23\/2014\/03\/968-754x1024.jpg 754w\" sizes=\"auto, (max-width: 221px) 100vw, 221px\" \/><\/a>Joan Cris\u00f2stom Ripoll\u00e8s nasqu\u00e9 a la vila de Torreblanca el 1678 i traspass\u00e0 a la ciutat de Tarragona el 1746. Degu\u00e9 rebre la seva formaci\u00f3 musical en una de les escoles catedral\u00edcies properes a la seva terra natal, com ara Tortosa, Sogorb o Tarragona. El 23 de maig de 1699 va ser adm\u00e8s en qualitat de cantor contralt primer de la capella<\/p>\n<p>&nbsp;<\/p>\n<p>&nbsp;<\/p>\n<p style=\"text-align: justify\">de m\u00fasica de la catedral de Tarragona, que des de 1695 dirigia el mestre Josep Escorihuela.<\/p>\n<p>Amalgama | 2014 | Mestres Catalans Antics, 4 | Preu: 17,00 EUR Per adquirir-lo poseu-vos en contacte amb l\u2019arxiu:\u00a0arxiu.historic@arqtgn.cat<\/p>\n<h5 style=\"text-align: justify\"><\/h5>\n<p>&nbsp;<\/p>\n<hr \/>\n<h4 style=\"text-align: justify\"><strong>Any 2014<\/strong><\/h4>\n<p style=\"text-align: justify\"><strong>De Rebus Gestis Ecclesiae. Els llibres de notes del cap\u00edtol catedral de Tarragona (1734-1920).<\/strong><\/p>\n<p style=\"text-align: justify\"><strong>Joan M. Quijada Bosch i Neus S\u00e1nchez Pi\u00e9<\/strong><\/p>\n<p style=\"text-align: justify\"><a href=\"http:\/\/acct.wp.arqtgn.cat\/wp-content\/uploads\/sites\/23\/2015\/02\/9788499755212.jpg\"><img loading=\"lazy\" decoding=\"async\" class=\" size-medium wp-image-444 alignleft\" src=\"http:\/\/acct.wp.arqtgn.cat\/wp-content\/uploads\/sites\/23\/2015\/02\/9788499755212-214x300.jpg\" alt=\"9788499755212\" width=\"214\" height=\"300\" srcset=\"https:\/\/www.acct.cat\/wp-content\/uploads\/sites\/23\/2015\/02\/9788499755212-214x300.jpg 214w, https:\/\/www.acct.cat\/wp-content\/uploads\/sites\/23\/2015\/02\/9788499755212.jpg 250w\" sizes=\"auto, (max-width: 214px) 100vw, 214px\" \/><\/a><\/p>\n<p style=\"text-align: justify\">En aquesta publicaci\u00f3 s\u2019ha recollit la informaci\u00f3 detallada que contenen els 4 llibres de notes o De Rebus Gestis que es conserven a l\u2019Arxiu Capitular de Tarragona reunida i relatada pels propis canonges, normalment el secretari o el doctoral.<\/p>\n<p style=\"text-align: justify\">Aquests relats van des de l\u2019any 1734 fins a l\u2019any 1930 essent la primera entrada la celebraci\u00f3 d\u2019un Te Deum per donar gr\u00e0cies a D\u00e9u per les vict\u00f2ries aconseguides per l\u2019ex\u00e8rcit espanyol al regne de N\u00e0pols el 24 d\u2019octubre del 1734 i l\u2019\u00faltima l\u2019adquisici\u00f3 per part del cap\u00edtol d\u2019un pante\u00f3 al cementiri de la ciutat. Entre una data i l\u2019altra es narren m\u00e9s de 500 esdeveniments succe\u00efts a Tarragona durant els segles XVIII, XIX i XX. Entre totes les mat\u00e8ries podem destacar les refer\u00e8ncies a entrades de nous arquebisbes, reis, processons i rogatives per demanar pluja, l\u2019exposici\u00f3 de fen\u00f2mens meteorol\u00f2gics rars aix\u00ed com altres episodis curiosos ocorreguts a Tarragona i el Camp.<\/p>\n<p>Pag\u00e9s Editors, S.L.\u00a0| 2014 | Col\u00b7lecci\u00f3 Textos i documents (Fundaci\u00f3 Noguera), 56\u00a0| Preu: 45,00 EUR Per adquirir-lo poseu-vos en contacte amb l\u2019editorial:\u00a0<a href=\"http:\/\/www.pageseditors.cat\/\">www.pageseditors.cat<\/a>\u00a0| Cliqueu\u00a0<a href=\"https:\/\/www.fundacionoguera.com\/libros\/REBUS%20GESTIS%20ECCLESIAE1.pdf\" target=\"_blank\" rel=\"noopener\"><strong>aqu\u00ed<\/strong><\/a>\u00a0per consultar la versi\u00f3 en pdf<\/p>\n<p>&nbsp;<\/p>\n<p>&nbsp;<\/p>\n<hr \/>\n<h4 style=\"text-align: justify\"><strong>Any 2012<\/strong><\/h4>\n<p style=\"text-align: justify\"><strong>Mem\u00f2ria del setge i ocupaci\u00f3 de Tarragona. La Guerra del franc\u00e8s en els fons documentals de l&#8217;Arxiu Hist\u00f2ric Arxidioces\u00e0 de Tarragona (1808-1814).\u00a0<\/strong><\/p>\n<p style=\"text-align: justify\"><strong>Manuel Maria Fuentes i Gas\u00f3, Joan Maria Quijada Bosch i Neus S\u00e1nchez Pi\u00e9.\u00a0<\/strong><\/p>\n<p><img loading=\"lazy\" decoding=\"async\" class=\"alignleft wp-image-287 size-medium\" src=\"http:\/\/acct.wp.arqtgn.cat\/wp-content\/uploads\/sites\/23\/2014\/03\/Setge-218x300.png\" alt=\"Setge\" width=\"218\" height=\"300\" srcset=\"https:\/\/www.acct.cat\/wp-content\/uploads\/sites\/23\/2014\/03\/Setge-218x300.png 218w, https:\/\/www.acct.cat\/wp-content\/uploads\/sites\/23\/2014\/03\/Setge.png 399w\" sizes=\"auto, (max-width: 218px) 100vw, 218px\" \/><\/p>\n<p style=\"text-align: justify\">El\u00a0llibre\u00a0recopila la documentaci\u00f3 del setge i de l\u2019ocupaci\u00f3 francesa que pat\u00ed la ciutat de Tarragona que hi ha a l\u2019Arxiu Hist\u00f2ric Arxidioces\u00e0 de Tarragona, entre ells, el testimoni in\u00e8dit com el Memorial del canonge Ignasi Ribes i Mayor. La\u00a0publicaci\u00f3 vol donar difusi\u00f3 a tot un seguit de documents valuosos per comprendre el per\u00edode de la Guerra del Franc\u00e8s a l&#8217;Arquebisbat de Tarragona.<\/p>\n<p style=\"text-align: justify\">Rafael Dalmau editor | Col\u00b7lecci\u00f3 Cam\u00ed Ral n\u00famero: 34 | Preu: 25,00 \u20ac Per adquirir-lo poseu-vos en contacte amb l&#8217;editorial:\u00a0<span style=\"text-decoration: underline\"><a href=\"http:\/\/www.rafaeldalmaueditor.cat\">www.rafaeldalmaueditor.cat<\/a><\/span><\/p>\n","protected":false},"excerpt":{"rendered":"<p>Any 2018 La repoblaci\u00f3 del Camp de Tarragona. Estat de la q\u00fcesti\u00f3 Autors: Ezequiel Gort Juanpere, Eduard Juncosa Bonet, Montserrat Rovira Rafecas, Josep Maria Sans Trav\u00e9, Lucas Villegas-Aristiz\u00e1bal, Antoni Virgili Colet Edici\u00f3 de les actes de les I jornades d&#8217;hist\u00f2ria Mn. San\u00e7 Capdevila i Felip. Silva Editorial | Col\u00b7lecci\u00f3 Inter&#8230;<\/p>\n","protected":false},"author":23,"featured_media":966,"parent":0,"menu_order":0,"comment_status":"closed","ping_status":"closed","template":"","meta":{"footnotes":""},"class_list":["post-1021","page","type-page","status-publish","has-post-thumbnail","hentry"],"_links":{"self":[{"href":"https:\/\/www.acct.cat\/es\/wp-json\/wp\/v2\/pages\/1021","targetHints":{"allow":["GET"]}}],"collection":[{"href":"https:\/\/www.acct.cat\/es\/wp-json\/wp\/v2\/pages"}],"about":[{"href":"https:\/\/www.acct.cat\/es\/wp-json\/wp\/v2\/types\/page"}],"author":[{"embeddable":true,"href":"https:\/\/www.acct.cat\/es\/wp-json\/wp\/v2\/users\/23"}],"replies":[{"embeddable":true,"href":"https:\/\/www.acct.cat\/es\/wp-json\/wp\/v2\/comments?post=1021"}],"version-history":[{"count":0,"href":"https:\/\/www.acct.cat\/es\/wp-json\/wp\/v2\/pages\/1021\/revisions"}],"wp:featuredmedia":[{"embeddable":true,"href":"https:\/\/www.acct.cat\/es\/wp-json\/wp\/v2\/media\/966"}],"wp:attachment":[{"href":"https:\/\/www.acct.cat\/es\/wp-json\/wp\/v2\/media?parent=1021"}],"curies":[{"name":"wp","href":"https:\/\/api.w.org\/{rel}","templated":true}]}}