{"id":1015,"date":"2014-03-20T08:17:16","date_gmt":"2014-03-20T08:17:16","guid":{"rendered":"http:\/\/www.acct.cat\/normativa-del-archivo\/"},"modified":"2014-03-20T08:17:16","modified_gmt":"2014-03-20T08:17:16","slug":"normativa-del-archivo","status":"publish","type":"page","link":"https:\/\/www.acct.cat\/es\/normativa-del-archivo\/","title":{"rendered":"Normativa del archivo"},"content":{"rendered":"<p style=\"padding-left: 30px\"><strong>NOTAS PREVIAS<\/strong><\/p>\n<p style=\"text-align: justify\">Los fondos documentales del Cap\u00edtulo de la Catedral de Tarragona se conservan en la sede hist\u00f3rica del Archivo Capitular, su consulta, sin embargo, se efect\u00faa en el Archivo Hist\u00f3rico Arquidiocesano de Tarragona.<br \/>\nEste hecho, conlleva la necesidad de solicitar previamente la documentaci\u00f3n. Esta se sirve con un plazo m\u00e1ximo de dos d\u00edas h\u00e1biles.<br \/>\nEl acceso a la documentaci\u00f3n se rige de acuerdo con la Normativa aprobada en 2006 para el Archivo Hist\u00f3rico Arquidiocesano de Tarragona, que a continuaci\u00f3n reproducimos.<\/p>\n<p style=\"padding-left: 30px\"><strong>ACCESO AL ARCHIVO<\/strong><\/p>\n<p>El acceso al AHAT es libre. Para poder realizar consultas, el usuario solo tiene que presentar un documento acreditativo, como el carn\u00e9 de investigador o, en su defecto, el DNI; cuando se trate de la primera vez, tendr\u00e1 que rellenar una ficha de usuario.<\/p>\n<p style=\"padding-left: 30px\"><strong>ACCESO A LA SALA DE CONSULTA\u00a0<\/strong><\/p>\n<p>Abans d\u2019entrar a la sala, l\u2019usuari ha de signar en el llibre de registre, amb claredat, fent-hi constar el nom i cognoms, el lloc de resid\u00e8ncia i el n\u00famero del DNI. A la sala de consulta nom\u00e9s es pot entrar amb fulls blancs, fitxes, ordinador port\u00e0til, c\u00e0mera fotogr\u00e0fica i llapis.<br \/>\nNo es pot accedir dins la sala amb carpetes, carteres ni bosses de m\u00e0. Tamb\u00e9 resta prohibit entrar qualsevol altre objecte de car\u00e0cter personal, incloses les begudes i els aliments. Tots aquest efectes s\u2019han de deixar als armariets.<br \/>\nQueda totalment prohibit a l\u2019usuari deambular per qualsevol espai reservat \u00fanicament al personal de l\u2019Arxiu (dip\u00f2sits, despatxos, sales de treball).<\/p>\n<p style=\"padding-left: 30px\"><strong>ACCESO A LA DOCUMENTACI\u00d3N\u00a0<\/strong><\/p>\n<p>Tan solo se sirve la documentaci\u00f3n previamente inventariada. Para acceder a la documentaci\u00f3n que contenga datos de car\u00e1cter personal, se tienen que cumplir los requisitos determinados por la ley: veinticinco a\u00f1os desde la fecha de la muerte, si es conocida, o cincuenta a partir de la fecha de documentaci\u00f3n.<br \/>\nEl Arxiu se reserva el derecho de retirar de la consulta aquella documentaci\u00f3n que, por su estado de conservaci\u00f3n, as\u00ed lo requiera.<\/p>\n<p style=\"padding-left: 30px\"><strong>TRABAJO EN SALA\u00a0<\/strong><\/p>\n<p>El personal del Arxiu intentar\u00e1 en todo momento ayudar al usuario para facilitarle su b\u00fasqueda; \u00e9ste \u00faltimo puede dirigirse al primero para resolver cualquier duda que surja. El acceso a los instrumentos de descripci\u00f3n del Arxiu, depositados en la sala de consulta, es libre.<br \/>\nPor respeto a los otros usuarios, se tiene que guardar silencio en la sala; el tel\u00e9fono m\u00f3vil tiene que ser desconectado o silenciado, y est\u00e1 totalmente prohibido hablar por tel\u00e9fono dentro de la sala.<br \/>\nEl usuario puede consultar todos los libros de referencia depositados en la biblioteca auxiliar que desee sin tener que solicitar permiso previo; una vez utilizados, los tiene que devolver a su sitio. Se autoriza el uso de ordenadores personales en la sala de consulta, pero est\u00e1 prohibido el uso de esc\u00e1neres.<\/p>\n<p style=\"padding-left: 30px\"><strong>SOLICITUD DE DOCUMENTOS\u00a0<\/strong><\/p>\n<p>Las peticiones de documentaci\u00f3n solo se pueden realizar mediante la hoja de pedido, que se encuentra en la sala. Cuando se hayan rellenado todos los campos con claridad, \u00e9sta se tiene que entregar a la persona encargada de la sala a trav\u00e9s de la ventanilla. El n\u00famero m\u00e1ximo de unidades documentales que se pueden pedir por sesi\u00f3n es de cinco. En caso de que las unidades archiv\u00edsticas solicitadas sean camisas, el Arxiu se reserva el derecho de servir diez como m\u00e1ximo. En ning\u00fan caso se pueden pedir en una misma sesi\u00f3n cinco unidades archiv\u00edsticas que sean vol\u00famenes y diez camisas, sino que se tiene que seguir la manera equitativa establecida por el Arxiu (ej.- 1 vol. y 8 ca., 2 vol. y 6 ca., 3 vol. y 4 ca., y 4 vol. y 2 ca.)<br \/>\nLa documentaci\u00f3n se puede solicitar de 9:00 a 13:00; a partir de la 13:00 ya no se puede realizar ninguna comanda nueva.<\/p>\n<p style=\"padding-left: 30px\"><strong>CONSULTA DE LA DOCUMENTACI\u00d3N\u00a0<\/strong><\/p>\n<p>La documentaci\u00f3n se sirve de una en una. Cuando el usuario haya terminado la consulta de un documento, \u00e9ste tiene que ser devuelto a la persona responsable de la sala a trav\u00e9s de la ventanilla, quien le proporcionar\u00e1 el siguiente documento. Queda terminantemente prohibida la consulta de cajas enteras.<br \/>\nEl usuario ser\u00e1 el responsable de la documentaci\u00f3n que le haya sido dejada para su consulta y la tendr\u00e1 que devolver en el mismo estado en que le fue dejada: mismas caracter\u00edsticas, orden, constituci\u00f3n interna y externa, limpieza, etc. Para evitar da\u00f1os en la documentaci\u00f3n, se permite \u00fanicamente el uso de l\u00e1piz; est\u00e1 prohibido el uso de bol\u00edgrafo, pluma o rotulador en la sala, as\u00ed como tambi\u00e9n se proh\u00edbe calcar documentos, realizar anotaciones, paginarlos y marcarlos o se\u00f1alarlos para el uso privado del usuario.<br \/>\nLos usuarios tienen que velar por el trato correcto y adecuado de los documentos, y tienen que tener cuenta su singularidad y fragilidad. Est\u00e1 prohibido doblar los documentos, apoyarse en ellos, colocar encima el papel en que se escribe y humedecer las p\u00e1ginas con saliva. No se pueden sacar de la sala de consulta ni documentos ni libros, as\u00ed como tampoco los instrumentos de descripci\u00f3n.<br \/>\nPara una mejor conservaci\u00f3n de la documentaci\u00f3n, la consulta de reproducciones de originales en caso de que haya copias microfilmadas o digitalizadas de esos documentos es obligatoria. No obstante, se permitir\u00e1 el acceso a los originales cuando haya una causa razonada y el estado de conservaci\u00f3n de los originales lo permita.<\/p>\n<p style=\"padding-left: 30px\"><strong>RESERVA DE DOCUMENTOS\u00a0<\/strong><\/p>\n<p>Si el usuario finaliza la sesi\u00f3n de trabajo sin haber acabado la consulta del documento en uso, este puede reservarlo para tres d\u00edas consecutivos; el plazo m\u00e1ximo de reserva es de tres d\u00edas naturales y si durante este plazo no ha sido consultado, el documento ser\u00e1 devuelto al dep\u00f3sito. Las unidades documentales que el usuario tenga reservadas tambi\u00e9n tendr\u00e1n que ser solicitadas mediante la hoja de pedido.<\/p>\n<p style=\"padding-left: 30px\"><strong>REPROGRAFIA\u00a0<\/strong><\/p>\n<p>Est\u00e1 permitida la utilizaci\u00f3n de c\u00e1mara fotogr\u00e1fica , siempre que no se haga uso del flash y sean reproducciones puntuales.<br \/>\nSe informar\u00e1 al responsable de la sala de consulta y rellenar un formulario de solicitud de permiso.<br \/>\nNo se permite la reproducci\u00f3n total de los libros, de unidades documentales o de series.<\/p>\n<p style=\"padding-left: 30px\"><strong>OTROS ASPECTOS\u00a0<\/strong><\/p>\n<p>Est\u00e1 prohibida la reproducci\u00f3n parcial o total de los instrumentos de descripci\u00f3n del Archivo.<br \/>\nLa reproducci\u00f3n de documentos procedentes del fondo del Archivo se debe solicitar previamente por escrito, y es obligado citar la procedencia de los documentos reproducidos.<br \/>\nSe depositar\u00e1n en el Archivo dos ejemplares de los trabajos publicados en los que se haya utilizado alg\u00fan fondo del centro, con el fin de enriquecer la biblioteca auxiliar.<\/p>\n<p><strong>Esgl\u00e9sia de Tarragona. Butllet\u00ed Oficial de l\u2019Arquebisbat de Tarragona, juny de 2006, n\u00fam. 6, p\u00e0gs. 354-357<\/strong><\/p>\n","protected":false},"excerpt":{"rendered":"<p>NOTAS PREVIAS Los fondos documentales del Cap\u00edtulo de la Catedral de Tarragona se conservan en la sede hist\u00f3rica del Archivo Capitular, su consulta, sin embargo, se efect\u00faa en el Archivo Hist\u00f3rico Arquidiocesano de Tarragona. Este hecho, conlleva la necesidad de solicitar previamente la documentaci\u00f3n. Esta se sirve con un plazo&#8230;<\/p>\n","protected":false},"author":23,"featured_media":0,"parent":0,"menu_order":0,"comment_status":"closed","ping_status":"closed","template":"","meta":{"footnotes":""},"class_list":["post-1015","page","type-page","status-publish","hentry"],"_links":{"self":[{"href":"https:\/\/www.acct.cat\/es\/wp-json\/wp\/v2\/pages\/1015","targetHints":{"allow":["GET"]}}],"collection":[{"href":"https:\/\/www.acct.cat\/es\/wp-json\/wp\/v2\/pages"}],"about":[{"href":"https:\/\/www.acct.cat\/es\/wp-json\/wp\/v2\/types\/page"}],"author":[{"embeddable":true,"href":"https:\/\/www.acct.cat\/es\/wp-json\/wp\/v2\/users\/23"}],"replies":[{"embeddable":true,"href":"https:\/\/www.acct.cat\/es\/wp-json\/wp\/v2\/comments?post=1015"}],"version-history":[{"count":0,"href":"https:\/\/www.acct.cat\/es\/wp-json\/wp\/v2\/pages\/1015\/revisions"}],"wp:attachment":[{"href":"https:\/\/www.acct.cat\/es\/wp-json\/wp\/v2\/media?parent=1015"}],"curies":[{"name":"wp","href":"https:\/\/api.w.org\/{rel}","templated":true}]}}