{"id":1005,"date":"2013-11-14T08:09:50","date_gmt":"2013-11-14T08:09:50","guid":{"rendered":"http:\/\/www.acct.cat\/informacion\/"},"modified":"2013-11-14T08:09:50","modified_gmt":"2013-11-14T08:09:50","slug":"informacion","status":"publish","type":"page","link":"https:\/\/www.acct.cat\/es\/informacion\/","title":{"rendered":"Informaci\u00f3n"},"content":{"rendered":"<blockquote>\n<p style=\"text-align: justify\"><strong>El Archivo de la Catedral de Tarragona es una instituci\u00f3n cultural que pertenece al Cap\u00edtulo de la Catedral de Tarragona, y como tal, tambi\u00e9n forma parte del patrimonio documental del Arzobispado de Tarragona, cuya finalidad es conservar , restaurar y facilitar el acceso y la consulta de los fondos documentales que le son propios y de aquellos que tiene en dep\u00f3sito.<\/strong><\/p>\n<\/blockquote>\n<div>\n<p style=\"padding-left: 30px\"><span style=\"color: #000000\"><strong>Direcci\u00f3n<br \/>\n<\/strong><\/span>Archivo Hist\u00f3rico Arquidiocesano de Tarragona<br \/>\nCalle de Sant Pau, n. 2<br \/>\n43003 Tarragona<\/p>\n<p style=\"padding-left: 30px\"><span style=\"color: #000000\"><strong>Tel.:<\/strong> 977 253360<br \/>\n<\/span><span style=\"color: #000000\"><strong>correo electr\u00f3nico:<\/strong><\/span>\u00a0arxiu.capitular@arqtgn.cat<\/p>\n<p style=\"padding-left: 30px\"><span style=\"color: #000000\"><strong>Horario:<\/strong><\/span> de lunes\u00a0a viernes\u00a0de 9:00 a 13:30<\/p>\n<p style=\"padding-left: 30px\">El mes de agosto el archivo estar\u00e1 cerrado al p\u00fablico.<\/p>\n<p style=\"padding-left: 30px\"><span style=\"color: #000000\"><strong>Personal:<\/strong><\/span><\/p>\n<p style=\"padding-left: 30px\"><strong>&#8211; Can\u00f3nigo-archivero:<br \/>\n<\/strong>Mn. Manuel M. Fuentes i Gas\u00f3<\/p>\n<p style=\"padding-left: 30px\"><strong>&#8211; Responsable de la catalogaci\u00f3n:<br \/>\n<\/strong>Neus S\u00e1nchez Pi\u00e9<\/p>\n<p style=\"padding-left: 30px\">\n<\/div>\n\n<!-- iframe plugin v.6.0 wordpress.org\/plugins\/iframe\/ -->\n<iframe loading=\"lazy\" src=\"https:\/\/www.google.es\/maps?t=m&#038;sll=41.1200613,1.2577715&#038;sspn=0.0062073,0.0109864&#038;q=Carrer+de+Sant+Pau,+2&#038;ie=UTF8&#038;hq=&#038;hnear=Carrer+de+Sant+Pau,+2,+43003+Tarragona&#038;ll=41.120064,1.257763&#038;spn=0.00923,0.014012&#038;z=14&#038;iwloc=A&#038;output=embed\" height=\"350\" width=\"425\" frameborder=\"0\" marginwidth=\"0\" marginheight=\"0\" scrolling=\"no\" class=\"iframe-class\"><\/iframe>\n\n","protected":false},"excerpt":{"rendered":"<p>El Archivo de la Catedral de Tarragona es una instituci\u00f3n cultural que pertenece al Cap\u00edtulo de la Catedral de Tarragona, y como tal, tambi\u00e9n forma parte del patrimonio documental del Arzobispado de Tarragona, cuya finalidad es conservar , restaurar y facilitar el acceso y la consulta de los fondos documentales&#8230;<\/p>\n","protected":false},"author":23,"featured_media":0,"parent":0,"menu_order":0,"comment_status":"closed","ping_status":"closed","template":"","meta":{"footnotes":""},"class_list":["post-1005","page","type-page","status-publish","hentry"],"_links":{"self":[{"href":"https:\/\/www.acct.cat\/es\/wp-json\/wp\/v2\/pages\/1005","targetHints":{"allow":["GET"]}}],"collection":[{"href":"https:\/\/www.acct.cat\/es\/wp-json\/wp\/v2\/pages"}],"about":[{"href":"https:\/\/www.acct.cat\/es\/wp-json\/wp\/v2\/types\/page"}],"author":[{"embeddable":true,"href":"https:\/\/www.acct.cat\/es\/wp-json\/wp\/v2\/users\/23"}],"replies":[{"embeddable":true,"href":"https:\/\/www.acct.cat\/es\/wp-json\/wp\/v2\/comments?post=1005"}],"version-history":[{"count":0,"href":"https:\/\/www.acct.cat\/es\/wp-json\/wp\/v2\/pages\/1005\/revisions"}],"wp:attachment":[{"href":"https:\/\/www.acct.cat\/es\/wp-json\/wp\/v2\/media?parent=1005"}],"curies":[{"name":"wp","href":"https:\/\/api.w.org\/{rel}","templated":true}]}}